{"id":1256,"date":"2019-03-25T15:53:48","date_gmt":"2019-03-25T15:53:48","guid":{"rendered":"https:\/\/heriwecs.de\/?page_id=1256"},"modified":"2020-03-18T19:03:47","modified_gmt":"2020-03-18T19:03:47","slug":"a-wurf","status":"publish","type":"page","link":"https:\/\/heriwecs.de\/?page_id=1256","title":{"rendered":"A-Wurf 2019 1. bis 12. Woche"},"content":{"rendered":"\n<p>Santas und Elmos Welpen sind am 18.03.2019 geboren. Es sind ein R\u00fcde (brindle) und 5 H\u00fcndinnen (3 brindle\/2 rot). <br>Santa k\u00fcmmert sich von Anfang an ganz wunderbar um ihre Welpen und f\u00fcr uns ist es eine gro\u00dfe Freude, das Aufwachsen der Kleinen zu begleiten. <br><br>In der zweiten Woche haben die Welpen begonnen, ihre Augen zu \u00f6ffnen. Auch erste wackelige Geh-und Spielversuche werden bereits unternommen. Die kleinen Krallen sind nun regelm\u00e4\u00dfig zu k\u00fcrzen, au\u00dferdem steht alle zwei Wochen die Verabreichung einer Wurmkur  auf dem Programm. Auch die erste Wurfkontrolle durch die Zuchtwartin liegt schon hinter uns &#8211; allen geht es bestens. <br><\/p>\n\n\n\nngg_shortcode_0_placeholder\n\n\n\n<p>In der dritten und vierten Woche sind wieder neue Entwicklungsschritte zu beobachten: das Seh- und H\u00f6rverm\u00f6gen nimmt mehr und mehr zu und auch die Milchz\u00e4hne sind nun einsatzbereit. &#8222;Man&#8220; kann seine Geschwister herzhaft \u00fcberfallen und so die Tauglichkeit des Gebisses gleich \u00fcberpr\u00fcfen &#8211; spitze Schreie des jeweils \u00dcberfallenen belegen dessen Eignung eindr\u00fccklich. Auch das Zuf\u00fcttern hat in dieser Zeit begonnen, das Futter wird gut vertragen. Den dazugeh\u00f6rigen Futterruf erkennen sie inzwischen auch &#8211; alle haben es dann pl\u00f6tzlich ganz eilig. Gordy und Selmi begutachten die Welpen mit gebotenem Erstaunen und tragen die &#8218;\u00f6ffentliche&#8216; F\u00fctterung der Bande mit Fassung. Die Katzen inspizieren gelegentlich den Welpenauslauf und schauen neugierig zu, wenn die Welpen zu Beginn der f\u00fcnften Woche erste Ausfl\u00fcge in den Garten unternehmen. <\/p>\n\n\n\nngg_shortcode_1_placeholder\n\n\n\n<p>Erste Gartenbilder von einem Teil der Bande (f\u00fcnfte Lebenswoche).  <\/p>\n\n\n\nngg_shortcode_2_placeholder\n\n\n\n<p>Und schon geht es in die sechste Woche &#8211; bei sch\u00f6nem Wetter tummeln sich die 6 abwechselnd im kleinen Katzenauslauf und im gro\u00dfen Hundeauslauf. Sie kennen Kamm, B\u00fcrste und Ohrenpflege und auch mit dem Fahrradanh\u00e4nger haben sie &#8211; als Transportmittel zum gro\u00dfen Auslauf im Garten- bereits Bekanntschaft gemacht. <\/p>\n\n\n\nngg_shortcode_3_placeholder\n\n\n\n<p>Im Alter von sieben, acht Wochen sehen die Welpen langsam schon wie &#8222;richtige&#8220;  kleine Hunden aus; sie spielen wildere Spiele und damit nimmt auch der Ger\u00e4uschpegel rasant zu \ud83d\ude09 Sie kennen inzwischen ihre Namen recht gut und benutzen, bereits in der neunten Woche angekommen,  zuverl\u00e4ssig ihre Rasentoilette, wenn auch das eine oder andere doch noch mal daneben gehen kann. Alle Welpen freuen sich \u00fcber die vielen Besucher, besonders sch\u00f6n f\u00fcr alle Beteiligten war der Kinderbesuch. Zwei gro\u00dfe Hunde haben ebenfalls schon einen Blick in den Welpenauslauf riskiert,  weiterer Hundebesuch ist geplant. Aktuell geh\u00f6ren Spazierg\u00e4nge an der Leine (jeweils einzeln) &#8211;  auf dem Grundst\u00fcck und an der Stra\u00dfe &#8211; zum &#8222;Trainingsprogramm&#8220;.  <\/p>\n\n\n\nngg_shortcode_4_placeholder\n\n\n\n<p>Da wir die Welpen erst ab einem Alter von ca. 10 Wochen abgeben, bleiben sie uns noch ein wenig erhalten &#8211; hier Bilder aus der achten\/neunten Woche. Heriwec&#8217;s Awakening Spring, die in ihrem neuen Zuhause Agnes hei\u00dfen wird, hat uns heute mit <em>zwei<\/em> Stehohren \u00fcberrascht!<\/p>\n\n\n\nngg_shortcode_5_placeholder\n\n\n\n<p>Der Auszug naht &#8211; doch vorher haben alle Welpen noch Ausfl\u00fcge in die Stadt, in Gesch\u00e4fte oder den Baumarkt unternommen und sind so, neben mehreren Fahrten im gesamten Verband, auch schon allein im Auto mitgefahren. Leider haben wir nicht von allen Welpen Ausflugsfotos machen k\u00f6nnen. Stellvertretend sind hier Ailsa und Anisette zu sehen: Ailsa hat Gordy zur Physiotherapie begleitet und ist ob der entspannten Stimmung auch gleich eingeschlummert&#8230;.Anisette (die jetzt Mavis hei\u00dft) hat bei ihrem ersten Spaziergang in der Stadt noch einen kleinen Einkaufsbummel gemacht. <\/p>\n\n\n\nngg_shortcode_6_placeholder\n\n\n\n<p>Ende Mai\/Anfang Juni zogen die Welpen aus &#8211; das Abschiednehmen war jedes Mal schwer. Aber wir waren uns sicher, dass sie in liebende H\u00e4nde kommen. Zudem haben wir das Gl\u00fcck, sie und ihre BesitzerInnen ab und zu wiederzusehen. Dass wir selbst auch ein Santa-Kind behalten, war \u00fcberdies von Anfang an klar \ud83d\ude42<br><br>Ende Juli fand schon das erste Welpentreffen statt. Es wurde herzhaft getobt und gebadet (wie man auf den folgenden Fotos sehen kann) &#8211; ein wunderbarer Tag! <\/p>\n\n\n\nngg_shortcode_7_placeholder\n","protected":false},"excerpt":{"rendered":"<p>Santas und Elmos Welpen sind am 18.03.2019 geboren. Es sind ein R\u00fcde (brindle) und 5 H\u00fcndinnen (3 brindle\/2 rot). Santa k\u00fcmmert sich von Anfang an ganz wunderbar um ihre Welpen und f\u00fcr uns ist es eine gro\u00dfe Freude, das Aufwachsen der Kleinen zu begleiten. In der zweiten Woche haben die Welpen begonnen, ihre Augen zu &hellip; <a href=\"https:\/\/heriwecs.de\/?page_id=1256\" class=\"more-link\"><span class=\"screen-reader-text\">A-Wurf 2019 1. bis 12. Woche<\/span> weiterlesen<\/a><\/p>\n","protected":false},"author":1,"featured_media":0,"parent":1046,"menu_order":0,"comment_status":"closed","ping_status":"closed","template":"","meta":{"ngg_post_thumbnail":0,"footnotes":""},"class_list":["post-1256","page","type-page","status-publish","hentry"],"_links":{"self":[{"href":"https:\/\/heriwecs.de\/index.php?rest_route=\/wp\/v2\/pages\/1256","targetHints":{"allow":["GET"]}}],"collection":[{"href":"https:\/\/heriwecs.de\/index.php?rest_route=\/wp\/v2\/pages"}],"about":[{"href":"https:\/\/heriwecs.de\/index.php?rest_route=\/wp\/v2\/types\/page"}],"author":[{"embeddable":true,"href":"https:\/\/heriwecs.de\/index.php?rest_route=\/wp\/v2\/users\/1"}],"replies":[{"embeddable":true,"href":"https:\/\/heriwecs.de\/index.php?rest_route=%2Fwp%2Fv2%2Fcomments&post=1256"}],"version-history":[{"count":40,"href":"https:\/\/heriwecs.de\/index.php?rest_route=\/wp\/v2\/pages\/1256\/revisions"}],"predecessor-version":[{"id":1781,"href":"https:\/\/heriwecs.de\/index.php?rest_route=\/wp\/v2\/pages\/1256\/revisions\/1781"}],"up":[{"embeddable":true,"href":"https:\/\/heriwecs.de\/index.php?rest_route=\/wp\/v2\/pages\/1046"}],"wp:attachment":[{"href":"https:\/\/heriwecs.de\/index.php?rest_route=%2Fwp%2Fv2%2Fmedia&parent=1256"}],"curies":[{"name":"wp","href":"https:\/\/api.w.org\/{rel}","templated":true}]}}