{"id":158,"date":"2018-03-28T13:33:27","date_gmt":"2018-03-28T13:33:27","guid":{"rendered":"https:\/\/heriwecs.de\/?page_id=158"},"modified":"2018-06-09T12:01:00","modified_gmt":"2018-06-09T12:01:00","slug":"welsh-corgi-cardigan","status":"publish","type":"page","link":"https:\/\/heriwecs.de\/?page_id=158","title":{"rendered":"Welsh Corgi Cardigan"},"content":{"rendered":"<p><img fetchpriority=\"high\" decoding=\"async\" class=\"alignnone size-medium wp-image-39\" src=\"https:\/\/heriwecs.de\/wp-content\/uploads\/2018\/03\/Februar-12-026-1-300x199.jpg\" alt=\"\" width=\"300\" height=\"199\" srcset=\"https:\/\/heriwecs.de\/wp-content\/uploads\/2018\/03\/Februar-12-026-1-300x199.jpg 300w, https:\/\/heriwecs.de\/wp-content\/uploads\/2018\/03\/Februar-12-026-1-768x510.jpg 768w, https:\/\/heriwecs.de\/wp-content\/uploads\/2018\/03\/Februar-12-026-1-1024x680.jpg 1024w, https:\/\/heriwecs.de\/wp-content\/uploads\/2018\/03\/Februar-12-026-1.jpg 2048w\" sizes=\"(max-width: 300px) 100vw, 300px\" \/><\/p>\n<p>Der Welsh Corgi Cardigan geh\u00f6rt zur FCI-Gruppe 1, H\u00fcte- und Treibhunde. Er stammt urspr\u00fcnglich aus Cardiganshire in Wales (UK). Informationen zum Rassestandard\/Portrait und zur Gesundheit finden sich auf den jeweiligen Unterseiten.<\/p>\n<p><em>&nbsp;\u00a9 Heriwecs 2018<\/em><\/p>\n","protected":false},"excerpt":{"rendered":"<p>Der Welsh Corgi Cardigan geh\u00f6rt zur FCI-Gruppe 1, H\u00fcte- und Treibhunde. Er stammt urspr\u00fcnglich aus Cardiganshire in Wales (UK). Informationen zum Rassestandard\/Portrait und zur Gesundheit finden sich auf den jeweiligen Unterseiten. &nbsp;\u00a9 Heriwecs 2018<\/p>\n","protected":false},"author":1,"featured_media":0,"parent":0,"menu_order":0,"comment_status":"closed","ping_status":"closed","template":"","meta":{"ngg_post_thumbnail":0,"footnotes":""},"class_list":["post-158","page","type-page","status-publish","hentry"],"_links":{"self":[{"href":"https:\/\/heriwecs.de\/index.php?rest_route=\/wp\/v2\/pages\/158","targetHints":{"allow":["GET"]}}],"collection":[{"href":"https:\/\/heriwecs.de\/index.php?rest_route=\/wp\/v2\/pages"}],"about":[{"href":"https:\/\/heriwecs.de\/index.php?rest_route=\/wp\/v2\/types\/page"}],"author":[{"embeddable":true,"href":"https:\/\/heriwecs.de\/index.php?rest_route=\/wp\/v2\/users\/1"}],"replies":[{"embeddable":true,"href":"https:\/\/heriwecs.de\/index.php?rest_route=%2Fwp%2Fv2%2Fcomments&post=158"}],"version-history":[{"count":10,"href":"https:\/\/heriwecs.de\/index.php?rest_route=\/wp\/v2\/pages\/158\/revisions"}],"predecessor-version":[{"id":530,"href":"https:\/\/heriwecs.de\/index.php?rest_route=\/wp\/v2\/pages\/158\/revisions\/530"}],"wp:attachment":[{"href":"https:\/\/heriwecs.de\/index.php?rest_route=%2Fwp%2Fv2%2Fmedia&parent=158"}],"curies":[{"name":"wp","href":"https:\/\/api.w.org\/{rel}","templated":true}]}}