{"id":1682,"date":"2020-03-18T13:40:01","date_gmt":"2020-03-18T13:40:01","guid":{"rendered":"https:\/\/heriwecs.de\/?page_id=1682"},"modified":"2023-03-27T16:32:18","modified_gmt":"2023-03-27T16:32:18","slug":"news-2020","status":"publish","type":"page","link":"https:\/\/heriwecs.de\/?page_id=1682","title":{"rendered":"News 2020"},"content":{"rendered":"<p><img fetchpriority=\"high\" decoding=\"async\" width=\"300\" height=\"199\" class=\"wp-image-133 lazy-loaded\" src=\"https:\/\/heriwecs.de\/wp-content\/uploads\/2018\/03\/DSC_2307-300x199.jpg\" sizes=\"(max-width: 300px) 100vw, 300px\" srcset=\"https:\/\/heriwecs.de\/wp-content\/uploads\/2018\/03\/DSC_2307-300x199.jpg 300w, https:\/\/heriwecs.de\/wp-content\/uploads\/2018\/03\/DSC_2307.jpg 640w\" alt=\"\" data-lazy-type=\"image\" data-src=\"https:\/\/heriwecs.de\/wp-content\/uploads\/2018\/03\/DSC_2307-300x199.jpg\" data-srcset=\"\"><\/p>\n\n\n<p><strong>18.03.2020<\/strong><br>Vor einem Jahr ist unser A-Wurf zur Welt gekommen. Aufgrund der Corona-Pandemie kommt jedoch keine richtige Feierstimmung auf &#8211;&nbsp; zu ungewiss und bedr\u00fcckend ist die aktuelle Situation. <br><br>Beim pandemiebedingten R\u00fcckzug ins Private empfinden wir unsere Corgis als hilfreiche Gesellschafter: mit ihrer unbeschwerten Lebensfreude bringen sie zuverl\u00e4ssig Lichtblicke in den ver\u00e4nderten Alltag. Dass unsere &#8222;Welpen&#8220; f\u00fcr ihre BesitzerInnen ebenfalls kleine Lichtblicke sind, kann man auf den Fotos erkennen, die sich in der neuen Galerie auf der Seite <a href=\"https:\/\/heriwecs.de\/startseite\/zucht\/a-wurf-im-neuen-zuhause\" target=\"_blank\" rel=\"noopener noreferrer\">A-Wurf im neuen Zuhause<\/a> befinden.<br><br>Wir w\u00fcnschen allen Corgifreunden, die unsere Seite besuchen, dass sie und ihre Angeh\u00f6rigen gut durch diese au\u00dfergew\u00f6hnliche Zeit kommen.<\/p>\n","protected":false},"excerpt":{"rendered":"<p>18.03.2020Vor einem Jahr ist unser A-Wurf zur Welt gekommen. Aufgrund der Corona-Pandemie kommt jedoch keine richtige Feierstimmung auf &#8211;&nbsp; zu ungewiss und bedr\u00fcckend ist die aktuelle Situation. Beim pandemiebedingten R\u00fcckzug ins Private empfinden wir unsere Corgis als hilfreiche Gesellschafter: mit ihrer unbeschwerten Lebensfreude bringen sie zuverl\u00e4ssig Lichtblicke in den ver\u00e4nderten Alltag. Dass unsere &#8222;Welpen&#8220; f\u00fcr &hellip; <a href=\"https:\/\/heriwecs.de\/?page_id=1682\" class=\"more-link\"><span class=\"screen-reader-text\">News 2020<\/span> weiterlesen<\/a><\/p>\n","protected":false},"author":1,"featured_media":0,"parent":1017,"menu_order":0,"comment_status":"closed","ping_status":"closed","template":"","meta":{"ngg_post_thumbnail":0,"footnotes":""},"class_list":["post-1682","page","type-page","status-publish","hentry"],"_links":{"self":[{"href":"https:\/\/heriwecs.de\/index.php?rest_route=\/wp\/v2\/pages\/1682","targetHints":{"allow":["GET"]}}],"collection":[{"href":"https:\/\/heriwecs.de\/index.php?rest_route=\/wp\/v2\/pages"}],"about":[{"href":"https:\/\/heriwecs.de\/index.php?rest_route=\/wp\/v2\/types\/page"}],"author":[{"embeddable":true,"href":"https:\/\/heriwecs.de\/index.php?rest_route=\/wp\/v2\/users\/1"}],"replies":[{"embeddable":true,"href":"https:\/\/heriwecs.de\/index.php?rest_route=%2Fwp%2Fv2%2Fcomments&post=1682"}],"version-history":[{"count":16,"href":"https:\/\/heriwecs.de\/index.php?rest_route=\/wp\/v2\/pages\/1682\/revisions"}],"predecessor-version":[{"id":1824,"href":"https:\/\/heriwecs.de\/index.php?rest_route=\/wp\/v2\/pages\/1682\/revisions\/1824"}],"up":[{"embeddable":true,"href":"https:\/\/heriwecs.de\/index.php?rest_route=\/wp\/v2\/pages\/1017"}],"wp:attachment":[{"href":"https:\/\/heriwecs.de\/index.php?rest_route=%2Fwp%2Fv2%2Fmedia&parent=1682"}],"curies":[{"name":"wp","href":"https:\/\/api.w.org\/{rel}","templated":true}]}}