{"id":1695,"date":"2020-03-18T15:01:04","date_gmt":"2020-03-18T15:01:04","guid":{"rendered":"https:\/\/heriwecs.de\/?page_id=1695"},"modified":"2020-03-19T14:52:56","modified_gmt":"2020-03-19T14:52:56","slug":"a-wurf-im-neuen-zuhause","status":"publish","type":"page","link":"https:\/\/heriwecs.de\/?page_id=1695","title":{"rendered":"A-Wurf im neuen Zuhause"},"content":{"rendered":"\n<p>Auf dieser Seite finden sich Fotos unseres ersten Wurfes im neuen Zuhause. Alle vergebenen Welpen werden hei\u00df geliebt und liebevoll betreut &#8211; ein gro\u00dfes Dankesch\u00f6n an die BesitzerInnen unserer Santa-Kinder!<\/p>\n\n\n<p><strong><em>&#8222;Agnes&#8220; &#8211; Heriwec&#8217;s Awakening Spring<br><\/em><\/strong>Agnes hatte von Anfang an das gewisse &#8222;Plus&#8220; an Pers\u00f6nlichkeit, sie war als Welpe einfach nur Zucker. Sie geht flei\u00dfig in die Hundeschule, hat schon viel gelernt und nennt einen wundersch\u00f6n angelegten, riesigen Garten ihr Eigen, so dass sie ihre ornithologischen Kenntnisse weiter ausbauen kann \ud83d\ude09 Sie macht ihrer Familie sehr viel Freude.<\/p>\nngg_shortcode_0_placeholder\n<p><strong><em>&#8222;Abby&#8220; &#8211; Heriwec&#8217;s Abiding Memory<br><\/em><\/strong>Abby &#8211; die bleibende Erinnerung &#8211; war anfangs die Kleinste im Wurf und wurde deshalb oft extra an die Milchquelle gelegt. Sie war zur Abgabe dann auch genauso gro\u00df wie die andern. Sie hat einen wunderbaren Augenaufschlag &#8211; zum Gl\u00fcck, denn sie stellt ihr Personal auch schon mal vor die eine oder andere Herausforderung \ud83d\ude09<\/p>\nngg_shortcode_1_placeholder\n<p><strong><em>&#8222;Mavis&#8220; &#8211;&nbsp; Heriwec&#8217;s Anisette<\/em><\/strong><br>Mavis beherrscht so einige Intelligenzspiele mit links und hat auch in der Hundeschule sehr viel Lob bekommen. Ihre beste Freundin ist eine Pembrokeh\u00fcndin, ihr bester Freund ein Cardigan und auch bei dem einen oder anderen Corgi-Treffen war sie schon dabei. Wie es sich f\u00fcr einen Corgi geh\u00f6rt, teilt sie ihr n\u00e4chtliches Lager mit ihren Menschen.<\/p>\nngg_shortcode_2_placeholder\n<p><strong><em>&#8222;Toffee&#8220; &#8211; Heriwec&#8217;s Almond Toffee<\/em><\/strong><br>Die wundersch\u00f6ne Toffee hat es f\u00fcr einen Corgi besonders gut getroffen: auf dem Land lebend kann sie ihre Vorlieben &#8211; durch jedes Matschloch laufen, Pferdemist fressen, im Teich baden &#8211; hemmungslos ausleben. Auch als &#8222;Kinderpflegerin&#8220; hat sie sich bew\u00e4hrt. Plietsch wie sie ist, bringt sie ihr Personal jeden Tag zum Lachen. Auch sie hat einen Platz im Bett!<\/p>\nngg_shortcode_3_placeholder","protected":false},"excerpt":{"rendered":"<p>Auf dieser Seite finden sich Fotos unseres ersten Wurfes im neuen Zuhause. Alle vergebenen Welpen werden hei\u00df geliebt und liebevoll betreut &#8211; ein gro\u00dfes Dankesch\u00f6n an die BesitzerInnen unserer Santa-Kinder! &#8222;Agnes&#8220; &#8211; Heriwec&#8217;s Awakening SpringAgnes hatte von Anfang an das gewisse &#8222;Plus&#8220; an Pers\u00f6nlichkeit, sie war als Welpe einfach nur Zucker. Sie geht flei\u00dfig in &hellip; <a href=\"https:\/\/heriwecs.de\/?page_id=1695\" class=\"more-link\"><span class=\"screen-reader-text\">A-Wurf im neuen Zuhause<\/span> weiterlesen<\/a><\/p>\n","protected":false},"author":1,"featured_media":0,"parent":499,"menu_order":1,"comment_status":"closed","ping_status":"closed","template":"","meta":{"ngg_post_thumbnail":0,"footnotes":""},"class_list":["post-1695","page","type-page","status-publish","hentry"],"_links":{"self":[{"href":"https:\/\/heriwecs.de\/index.php?rest_route=\/wp\/v2\/pages\/1695","targetHints":{"allow":["GET"]}}],"collection":[{"href":"https:\/\/heriwecs.de\/index.php?rest_route=\/wp\/v2\/pages"}],"about":[{"href":"https:\/\/heriwecs.de\/index.php?rest_route=\/wp\/v2\/types\/page"}],"author":[{"embeddable":true,"href":"https:\/\/heriwecs.de\/index.php?rest_route=\/wp\/v2\/users\/1"}],"replies":[{"embeddable":true,"href":"https:\/\/heriwecs.de\/index.php?rest_route=%2Fwp%2Fv2%2Fcomments&post=1695"}],"version-history":[{"count":24,"href":"https:\/\/heriwecs.de\/index.php?rest_route=\/wp\/v2\/pages\/1695\/revisions"}],"predecessor-version":[{"id":1785,"href":"https:\/\/heriwecs.de\/index.php?rest_route=\/wp\/v2\/pages\/1695\/revisions\/1785"}],"up":[{"embeddable":true,"href":"https:\/\/heriwecs.de\/index.php?rest_route=\/wp\/v2\/pages\/499"}],"wp:attachment":[{"href":"https:\/\/heriwecs.de\/index.php?rest_route=%2Fwp%2Fv2%2Fmedia&parent=1695"}],"curies":[{"name":"wp","href":"https:\/\/api.w.org\/{rel}","templated":true}]}}