{"id":53,"date":"2018-03-26T14:38:36","date_gmt":"2018-03-26T14:38:36","guid":{"rendered":"http:\/\/heriwecs.de\/?page_id=53"},"modified":"2023-03-27T17:13:36","modified_gmt":"2023-03-27T17:13:36","slug":"jetsetter-cymraeg-ci","status":"publish","type":"page","link":"https:\/\/heriwecs.de\/?page_id=53","title":{"rendered":"Jetsetter Cymraeg Ci -&#8222;Selmi&#8220; 12.05.2010 &#8211; 06.06.2020"},"content":{"rendered":"<figure id=\"attachment_55\" aria-describedby=\"caption-attachment-55\" style=\"width: 2048px\" class=\"wp-caption aligncenter\"><img fetchpriority=\"high\" decoding=\"async\" class=\"wp-image-55 size-full\" src=\"https:\/\/heriwecs.de\/wp-content\/uploads\/2018\/03\/DSC8592.jpg\" alt=\"\" width=\"2048\" height=\"1360\" srcset=\"https:\/\/heriwecs.de\/wp-content\/uploads\/2018\/03\/DSC8592.jpg 2048w, https:\/\/heriwecs.de\/wp-content\/uploads\/2018\/03\/DSC8592-300x199.jpg 300w, https:\/\/heriwecs.de\/wp-content\/uploads\/2018\/03\/DSC8592-768x510.jpg 768w, https:\/\/heriwecs.de\/wp-content\/uploads\/2018\/03\/DSC8592-1024x680.jpg 1024w\" sizes=\"(max-width: 2048px) 100vw, 2048px\" \/><figcaption id=\"caption-attachment-55\" class=\"wp-caption-text\"><strong><span style=\"font-size: 14pt;\">&#8222;Selmi&#8220;<\/span><\/strong><span style=\"font-size: 14pt;\"> (geb.: 12.05.2010; CH Beckrow Brenning with Pemcader x CH All Trade Minnie The Moocher; Z\u00fcchterin: C. Sonberg, BE) <\/span>Pedigree: <strong><a href=\"http:\/\/www.cardiped.net\/details.php?id=81815\" target=\"_blank\" rel=\"noopener\">http:\/\/www.cardiped.net\/details.php?id=81815<\/a><span style=\"text-decoration: underline;\"><br><\/span><\/strong><\/figcaption><\/figure>\n<p><span style=\"text-decoration: underline;\"><strong>Ausstellungsergebnisse:<br><\/strong><\/span>&#8211; Deutscher Veteranen-Champion VDH<br>&#8211; Deutscher Champion VDH<br>&#8211; Deutscher Champion Club<br>&#8211; Deutscher Jugendchampion VDH<br>&#8211; Deutscher Jugendchampion Club<br>&#8211; Crufts Qualifikation <br>&#8211; 1 x UK Res.CC (Best British Exhibit, Dortmund 2012, R.: S. E. Taylor)<br>&#8211; Rheinland-Pfalz-Sieger 2012<br>&#8211; Veteranensieger Hannover 2018<br>&#8211; Anual Trophy Veteran-Winner 2018<\/p>\n<p><strong><span style=\"text-decoration: underline;\">Pr\u00fcfungen, Spiel &amp; Sport:<br><\/span>&#8211; <\/strong>Hundef\u00fchrerschein 2012<br>&nbsp; (Pr\u00fcfung des BVZ e.v., vergleichbar mit BH)<br>&#8211; &#8222;Schn\u00fcffel&#8220;- Kurs: Nasenarbeitstraining<br>&#8211; Beginnerkurs Mantrailing<br>&#8211; Hoopers<\/p>\n<figure id=\"attachment_519\" aria-describedby=\"caption-attachment-519\" style=\"width: 660px\" class=\"wp-caption alignnone\"><img decoding=\"async\" class=\"wp-image-519 size-full\" src=\"https:\/\/heriwecs.de\/wp-content\/uploads\/2018\/06\/18.Magdeburg87.jpg\" alt=\"\" width=\"660\" height=\"438\" srcset=\"https:\/\/heriwecs.de\/wp-content\/uploads\/2018\/06\/18.Magdeburg87.jpg 660w, https:\/\/heriwecs.de\/wp-content\/uploads\/2018\/06\/18.Magdeburg87-300x199.jpg 300w\" sizes=\"(max-width: 660px) 100vw, 660px\" \/><figcaption id=\"caption-attachment-519\" class=\"wp-caption-text\">Selmi, CAC Magdeburg 2018, \u00a9Petra Tietze<\/figcaption><\/figure>\n<p><strong><span style=\"text-decoration: underline;\">Gesundheit:<\/span><\/strong><br>&#8211; HD: FCI B2<br>&#8211; ED: FCI 0\/0<br>&#8211; Augen: Frei von erblichen Augenerkrankungen\/<br>&nbsp; free of all eye diseases<br>&#8211; PRA: N\/N<br>&#8211; DM: N\/DM<br>&#8211; L-Locus: L\/L<br>&#8211; Wirbels\u00e4ule ger\u00f6ntgt\/spine x-rayed:2012\/2014\/2017<\/p>\n\n\n<figure class=\"wp-block-image\"><img decoding=\"async\" width=\"1024\" height=\"680\" src=\"https:\/\/heriwecs.de\/wp-content\/uploads\/2018\/12\/DSC_0982-2-1024x680.jpg\" alt=\"\" class=\"wp-image-920\" srcset=\"https:\/\/heriwecs.de\/wp-content\/uploads\/2018\/12\/DSC_0982-2-1024x680.jpg 1024w, https:\/\/heriwecs.de\/wp-content\/uploads\/2018\/12\/DSC_0982-2-300x199.jpg 300w, https:\/\/heriwecs.de\/wp-content\/uploads\/2018\/12\/DSC_0982-2-768x510.jpg 768w, https:\/\/heriwecs.de\/wp-content\/uploads\/2018\/12\/DSC_0982-2.jpg 2048w\" sizes=\"(max-width: 1024px) 100vw, 1024px\" \/><figcaption class=\"wp-element-caption\">Selmi und Santa im Spiel 12\/2018<\/figcaption><\/figure>\n\n\n\n<p><em>\u00a9 Heriwecs 2018<\/em><\/p>\n","protected":false},"excerpt":{"rendered":"<p>Ausstellungsergebnisse:&#8211; Deutscher Veteranen-Champion VDH&#8211; Deutscher Champion VDH&#8211; Deutscher Champion Club&#8211; Deutscher Jugendchampion VDH&#8211; Deutscher Jugendchampion Club&#8211; Crufts Qualifikation &#8211; 1 x UK Res.CC (Best British Exhibit, Dortmund 2012, R.: S. E. Taylor)&#8211; Rheinland-Pfalz-Sieger 2012&#8211; Veteranensieger Hannover 2018&#8211; Anual Trophy Veteran-Winner 2018 Pr\u00fcfungen, Spiel &amp; Sport:&#8211; Hundef\u00fchrerschein 2012&nbsp; (Pr\u00fcfung des BVZ e.v., vergleichbar mit BH)&#8211; &#8222;Schn\u00fcffel&#8220;- &hellip; <a href=\"https:\/\/heriwecs.de\/?page_id=53\" class=\"more-link\"><span class=\"screen-reader-text\">Jetsetter Cymraeg Ci -&#8222;Selmi&#8220; 12.05.2010 &#8211; 06.06.2020<\/span> weiterlesen<\/a><\/p>\n","protected":false},"author":1,"featured_media":915,"parent":43,"menu_order":0,"comment_status":"closed","ping_status":"closed","template":"","meta":{"ngg_post_thumbnail":0,"footnotes":""},"class_list":["post-53","page","type-page","status-publish","has-post-thumbnail","hentry"],"_links":{"self":[{"href":"https:\/\/heriwecs.de\/index.php?rest_route=\/wp\/v2\/pages\/53","targetHints":{"allow":["GET"]}}],"collection":[{"href":"https:\/\/heriwecs.de\/index.php?rest_route=\/wp\/v2\/pages"}],"about":[{"href":"https:\/\/heriwecs.de\/index.php?rest_route=\/wp\/v2\/types\/page"}],"author":[{"embeddable":true,"href":"https:\/\/heriwecs.de\/index.php?rest_route=\/wp\/v2\/users\/1"}],"replies":[{"embeddable":true,"href":"https:\/\/heriwecs.de\/index.php?rest_route=%2Fwp%2Fv2%2Fcomments&post=53"}],"version-history":[{"count":47,"href":"https:\/\/heriwecs.de\/index.php?rest_route=\/wp\/v2\/pages\/53\/revisions"}],"predecessor-version":[{"id":1830,"href":"https:\/\/heriwecs.de\/index.php?rest_route=\/wp\/v2\/pages\/53\/revisions\/1830"}],"up":[{"embeddable":true,"href":"https:\/\/heriwecs.de\/index.php?rest_route=\/wp\/v2\/pages\/43"}],"wp:featuredmedia":[{"embeddable":true,"href":"https:\/\/heriwecs.de\/index.php?rest_route=\/wp\/v2\/media\/915"}],"wp:attachment":[{"href":"https:\/\/heriwecs.de\/index.php?rest_route=%2Fwp%2Fv2%2Fmedia&parent=53"}],"curies":[{"name":"wp","href":"https:\/\/api.w.org\/{rel}","templated":true}]}}